{"id":553,"date":"2018-03-05T21:45:39","date_gmt":"2018-03-05T20:45:39","guid":{"rendered":"http:\/\/dev.cdab.o2web.biz\/en\/organiser-un-congres\/"},"modified":"2026-02-17T17:57:29","modified_gmt":"2026-02-17T16:57:29","slug":"organize-a-conference","status":"publish","type":"page","link":"https:\/\/cercledesambassadeurs.com\/en\/organize-a-conference\/","title":{"rendered":"Organize a conference"},"content":{"rendered":"","protected":false},"excerpt":{"rendered":"","protected":false},"author":1,"featured_media":0,"parent":0,"menu_order":0,"comment_status":"closed","ping_status":"closed","template":"template-flexible.php","meta":{"footnotes":""},"class_list":["post-553","page","type-page","status-publish","hentry"],"acf":[],"yoast_head":"<!-- This site is optimized with the Yoast SEO plugin v21.2 - https:\/\/yoast.com\/wordpress\/plugins\/seo\/ -->\n<title>Organize a conference - Cercle des ambassadeurs de Qu\u00e9bec<\/title>\n<meta name=\"description\" content=\"Interested in organizing a North American or international conference in Qu\u00e9bec City? Qu\u00e9bec City&#039;s Ambassadors\u2019 Club is here to help you every step of the way. Check out all the services, tools, and resources available. Find out how we can help.\" \/>\n<meta name=\"robots\" content=\"index, follow, max-snippet:-1, max-image-preview:large, max-video-preview:-1\" \/>\n<link rel=\"canonical\" href=\"https:\/\/cercledesambassadeurs.com\/en\/organize-a-conference\/\" \/>\n<meta property=\"og:locale\" content=\"en_US\" \/>\n<meta property=\"og:type\" content=\"article\" \/>\n<meta property=\"og:title\" content=\"Organize a conference - Cercle des ambassadeurs de Qu\u00e9bec\" \/>\n<meta property=\"og:description\" content=\"Interested in organizing a North American or international conference in Qu\u00e9bec City? Qu\u00e9bec City&#039;s Ambassadors\u2019 Club is here to help you every step of the way. Check out all the services, tools, and resources available. Find out how we can help.\" \/>\n<meta property=\"og:url\" content=\"https:\/\/cercledesambassadeurs.com\/en\/organize-a-conference\/\" \/>\n<meta property=\"og:site_name\" content=\"Cercle des ambassadeurs de Qu\u00e9bec\" \/>\n<meta property=\"article:modified_time\" content=\"2026-02-17T16:57:29+00:00\" \/>\n<meta property=\"og:image\" content=\"https:\/\/cercledesambassadeurs.com\/app\/uploads\/2018\/04\/og-image.png\" \/>\n\t<meta property=\"og:image:width\" content=\"1200\" \/>\n\t<meta property=\"og:image:height\" content=\"630\" \/>\n\t<meta property=\"og:image:type\" content=\"image\/png\" \/>\n<meta name=\"twitter:card\" content=\"summary_large_image\" \/>\n<script type=\"application\/ld+json\" class=\"yoast-schema-graph\">{\"@context\":\"https:\/\/schema.org\",\"@graph\":[{\"@type\":\"WebPage\",\"@id\":\"https:\/\/cercledesambassadeurs.com\/en\/organize-a-conference\/\",\"url\":\"https:\/\/cercledesambassadeurs.com\/en\/organize-a-conference\/\",\"name\":\"Organize a conference - Cercle des ambassadeurs de Qu\u00e9bec\",\"isPartOf\":{\"@id\":\"https:\/\/cercledesambassadeurs.com\/#website\"},\"datePublished\":\"2018-03-05T20:45:39+00:00\",\"dateModified\":\"2026-02-17T16:57:29+00:00\",\"description\":\"Interested in organizing a North American or international conference in Qu\u00e9bec City? Qu\u00e9bec City's Ambassadors\u2019 Club is here to help you every step of the way. Check out all the services, tools, and resources available. Find out how we can help.\",\"breadcrumb\":{\"@id\":\"https:\/\/cercledesambassadeurs.com\/en\/organize-a-conference\/#breadcrumb\"},\"inLanguage\":\"en-US\",\"potentialAction\":[{\"@type\":\"ReadAction\",\"target\":[\"https:\/\/cercledesambassadeurs.com\/en\/organize-a-conference\/\"]}]},{\"@type\":\"BreadcrumbList\",\"@id\":\"https:\/\/cercledesambassadeurs.com\/en\/organize-a-conference\/#breadcrumb\",\"itemListElement\":[{\"@type\":\"ListItem\",\"position\":1,\"name\":\"Home\",\"item\":\"https:\/\/cercledesambassadeurs.com\/en\/\"},{\"@type\":\"ListItem\",\"position\":2,\"name\":\"Organize a conference\"}]},{\"@type\":\"WebSite\",\"@id\":\"https:\/\/cercledesambassadeurs.com\/#website\",\"url\":\"https:\/\/cercledesambassadeurs.com\/\",\"name\":\"Cercle des ambassadeurs de Qu\u00e9bec\",\"description\":\"To help you organize your conference in Quebec city\",\"potentialAction\":[{\"@type\":\"SearchAction\",\"target\":{\"@type\":\"EntryPoint\",\"urlTemplate\":\"https:\/\/cercledesambassadeurs.com\/?s={search_term_string}\"},\"query-input\":\"required name=search_term_string\"}],\"inLanguage\":\"en-US\"}]}<\/script>\n<!-- \/ Yoast SEO plugin. -->","yoast_head_json":{"title":"Organize a conference - Cercle des ambassadeurs de Qu\u00e9bec","description":"Interested in organizing a North American or international conference in Qu\u00e9bec City? Qu\u00e9bec City's Ambassadors\u2019 Club is here to help you every step of the way. Check out all the services, tools, and resources available. Find out how we can help.","robots":{"index":"index","follow":"follow","max-snippet":"max-snippet:-1","max-image-preview":"max-image-preview:large","max-video-preview":"max-video-preview:-1"},"canonical":"https:\/\/cercledesambassadeurs.com\/en\/organize-a-conference\/","og_locale":"en_US","og_type":"article","og_title":"Organize a conference - Cercle des ambassadeurs de Qu\u00e9bec","og_description":"Interested in organizing a North American or international conference in Qu\u00e9bec City? Qu\u00e9bec City's Ambassadors\u2019 Club is here to help you every step of the way. Check out all the services, tools, and resources available. Find out how we can help.","og_url":"https:\/\/cercledesambassadeurs.com\/en\/organize-a-conference\/","og_site_name":"Cercle des ambassadeurs de Qu\u00e9bec","article_modified_time":"2026-02-17T16:57:29+00:00","og_image":[{"width":1200,"height":630,"url":"https:\/\/cercledesambassadeurs.com\/app\/uploads\/2018\/04\/og-image.png","type":"image\/png"}],"twitter_card":"summary_large_image","schema":{"@context":"https:\/\/schema.org","@graph":[{"@type":"WebPage","@id":"https:\/\/cercledesambassadeurs.com\/en\/organize-a-conference\/","url":"https:\/\/cercledesambassadeurs.com\/en\/organize-a-conference\/","name":"Organize a conference - Cercle des ambassadeurs de Qu\u00e9bec","isPartOf":{"@id":"https:\/\/cercledesambassadeurs.com\/#website"},"datePublished":"2018-03-05T20:45:39+00:00","dateModified":"2026-02-17T16:57:29+00:00","description":"Interested in organizing a North American or international conference in Qu\u00e9bec City? Qu\u00e9bec City's Ambassadors\u2019 Club is here to help you every step of the way. Check out all the services, tools, and resources available. Find out how we can help.","breadcrumb":{"@id":"https:\/\/cercledesambassadeurs.com\/en\/organize-a-conference\/#breadcrumb"},"inLanguage":"en-US","potentialAction":[{"@type":"ReadAction","target":["https:\/\/cercledesambassadeurs.com\/en\/organize-a-conference\/"]}]},{"@type":"BreadcrumbList","@id":"https:\/\/cercledesambassadeurs.com\/en\/organize-a-conference\/#breadcrumb","itemListElement":[{"@type":"ListItem","position":1,"name":"Home","item":"https:\/\/cercledesambassadeurs.com\/en\/"},{"@type":"ListItem","position":2,"name":"Organize a conference"}]},{"@type":"WebSite","@id":"https:\/\/cercledesambassadeurs.com\/#website","url":"https:\/\/cercledesambassadeurs.com\/","name":"Cercle des ambassadeurs de Qu\u00e9bec","description":"To help you organize your conference in Quebec city","potentialAction":[{"@type":"SearchAction","target":{"@type":"EntryPoint","urlTemplate":"https:\/\/cercledesambassadeurs.com\/?s={search_term_string}"},"query-input":"required name=search_term_string"}],"inLanguage":"en-US"}]}},"_links":{"self":[{"href":"https:\/\/cercledesambassadeurs.com\/en\/wp-json\/wp\/v2\/pages\/553","targetHints":{"allow":["GET"]}}],"collection":[{"href":"https:\/\/cercledesambassadeurs.com\/en\/wp-json\/wp\/v2\/pages"}],"about":[{"href":"https:\/\/cercledesambassadeurs.com\/en\/wp-json\/wp\/v2\/types\/page"}],"author":[{"embeddable":true,"href":"https:\/\/cercledesambassadeurs.com\/en\/wp-json\/wp\/v2\/users\/1"}],"replies":[{"embeddable":true,"href":"https:\/\/cercledesambassadeurs.com\/en\/wp-json\/wp\/v2\/comments?post=553"}],"version-history":[{"count":29,"href":"https:\/\/cercledesambassadeurs.com\/en\/wp-json\/wp\/v2\/pages\/553\/revisions"}],"predecessor-version":[{"id":4692,"href":"https:\/\/cercledesambassadeurs.com\/en\/wp-json\/wp\/v2\/pages\/553\/revisions\/4692"}],"wp:attachment":[{"href":"https:\/\/cercledesambassadeurs.com\/en\/wp-json\/wp\/v2\/media?parent=553"}],"curies":[{"name":"wp","href":"https:\/\/api.w.org\/{rel}","templated":true}]}}