{"id":33,"date":"2018-03-05T21:46:38","date_gmt":"2018-03-05T20:46:38","guid":{"rendered":"http:\/\/cdab.localhost\/en\/nous-joindre\/"},"modified":"2026-04-14T15:17:29","modified_gmt":"2026-04-14T14:17:29","slug":"contact-us","status":"publish","type":"page","link":"https:\/\/cercledesambassadeurs.com\/en\/contact-us\/","title":{"rendered":"Contact us"},"content":{"rendered":"<p>Cercle des ambassadeurs de Qu\u00e9bec<br \/>\n418 649-7711 #4037<br \/>\n900, boulevard Ren\u00e9-L\u00e9vesque Est, 2e \u00e9tage<br \/>\nQu\u00e9bec (Qu\u00e9bec)\u00a0 G1R 2B5<\/p>\n<p><a href=\"https:\/\/www.linkedin.com\/company\/cercle-des-ambassadeurs-quebec\/\" target=\"_blank\" rel=\"noopener\"><img loading=\"lazy\" decoding=\"async\" class=\"alignnone wp-image-2267\" src=\"https:\/\/cercledesambassadeurs.com\/app\/uploads\/2018\/03\/linkedin-logo.png\" alt=\"Linkedin\" width=\"40\" height=\"40\" srcset=\"https:\/\/cercledesambassadeurs.com\/app\/uploads\/2018\/03\/linkedin-logo.png 200w, https:\/\/cercledesambassadeurs.com\/app\/uploads\/2018\/03\/linkedin-logo-150x150.png 150w\" sizes=\"auto, (max-width: 40px) 100vw, 40px\" \/><\/a><\/p>\n","protected":false},"excerpt":{"rendered":"<p>Cercle des ambassadeurs de Qu\u00e9bec 418 649-7711 #4037 900, boulevard Ren\u00e9-L\u00e9vesque Est, 2e \u00e9tage Qu\u00e9bec (Qu\u00e9bec)\u00a0 G1R 2B5<\/p>\n","protected":false},"author":1,"featured_media":0,"parent":0,"menu_order":0,"comment_status":"closed","ping_status":"closed","template":"template-flexible.php","meta":{"footnotes":""},"class_list":["post-33","page","type-page","status-publish","hentry"],"acf":[],"yoast_head":"<!-- This site is optimized with the Yoast SEO plugin v21.2 - https:\/\/yoast.com\/wordpress\/plugins\/seo\/ -->\n<title>Contact us - Cercle des ambassadeurs de Qu\u00e9bec<\/title>\n<meta name=\"robots\" content=\"index, follow, max-snippet:-1, max-image-preview:large, max-video-preview:-1\" \/>\n<link rel=\"canonical\" href=\"https:\/\/cercledesambassadeurs.com\/en\/contact-us\/\" \/>\n<meta property=\"og:locale\" content=\"en_US\" \/>\n<meta property=\"og:type\" content=\"article\" \/>\n<meta property=\"og:title\" content=\"Contact us - Cercle des ambassadeurs de Qu\u00e9bec\" \/>\n<meta property=\"og:url\" content=\"https:\/\/cercledesambassadeurs.com\/en\/contact-us\/\" \/>\n<meta property=\"og:site_name\" content=\"Cercle des ambassadeurs de Qu\u00e9bec\" \/>\n<meta property=\"article:modified_time\" content=\"2026-04-14T14:17:29+00:00\" \/>\n<meta property=\"og:image\" content=\"https:\/\/cercledesambassadeurs.com\/app\/uploads\/2018\/03\/linkedin-logo.png\" \/>\n<meta name=\"twitter:card\" content=\"summary_large_image\" \/>\n<script type=\"application\/ld+json\" class=\"yoast-schema-graph\">{\"@context\":\"https:\/\/schema.org\",\"@graph\":[{\"@type\":\"WebPage\",\"@id\":\"https:\/\/cercledesambassadeurs.com\/en\/contact-us\/\",\"url\":\"https:\/\/cercledesambassadeurs.com\/en\/contact-us\/\",\"name\":\"Contact us - Cercle des ambassadeurs de Qu\u00e9bec\",\"isPartOf\":{\"@id\":\"https:\/\/cercledesambassadeurs.com\/#website\"},\"datePublished\":\"2018-03-05T20:46:38+00:00\",\"dateModified\":\"2026-04-14T14:17:29+00:00\",\"breadcrumb\":{\"@id\":\"https:\/\/cercledesambassadeurs.com\/en\/contact-us\/#breadcrumb\"},\"inLanguage\":\"en-US\",\"potentialAction\":[{\"@type\":\"ReadAction\",\"target\":[\"https:\/\/cercledesambassadeurs.com\/en\/contact-us\/\"]}]},{\"@type\":\"BreadcrumbList\",\"@id\":\"https:\/\/cercledesambassadeurs.com\/en\/contact-us\/#breadcrumb\",\"itemListElement\":[{\"@type\":\"ListItem\",\"position\":1,\"name\":\"Home\",\"item\":\"https:\/\/cercledesambassadeurs.com\/en\/\"},{\"@type\":\"ListItem\",\"position\":2,\"name\":\"Contact us\"}]},{\"@type\":\"WebSite\",\"@id\":\"https:\/\/cercledesambassadeurs.com\/#website\",\"url\":\"https:\/\/cercledesambassadeurs.com\/\",\"name\":\"Cercle des ambassadeurs de Qu\u00e9bec\",\"description\":\"To help you organize your conference in Quebec city\",\"potentialAction\":[{\"@type\":\"SearchAction\",\"target\":{\"@type\":\"EntryPoint\",\"urlTemplate\":\"https:\/\/cercledesambassadeurs.com\/?s={search_term_string}\"},\"query-input\":\"required name=search_term_string\"}],\"inLanguage\":\"en-US\"}]}<\/script>\n<!-- \/ Yoast SEO plugin. -->","yoast_head_json":{"title":"Contact us - Cercle des ambassadeurs de Qu\u00e9bec","robots":{"index":"index","follow":"follow","max-snippet":"max-snippet:-1","max-image-preview":"max-image-preview:large","max-video-preview":"max-video-preview:-1"},"canonical":"https:\/\/cercledesambassadeurs.com\/en\/contact-us\/","og_locale":"en_US","og_type":"article","og_title":"Contact us - Cercle des ambassadeurs de Qu\u00e9bec","og_url":"https:\/\/cercledesambassadeurs.com\/en\/contact-us\/","og_site_name":"Cercle des ambassadeurs de Qu\u00e9bec","article_modified_time":"2026-04-14T14:17:29+00:00","og_image":[{"url":"https:\/\/cercledesambassadeurs.com\/app\/uploads\/2018\/03\/linkedin-logo.png"}],"twitter_card":"summary_large_image","schema":{"@context":"https:\/\/schema.org","@graph":[{"@type":"WebPage","@id":"https:\/\/cercledesambassadeurs.com\/en\/contact-us\/","url":"https:\/\/cercledesambassadeurs.com\/en\/contact-us\/","name":"Contact us - Cercle des ambassadeurs de Qu\u00e9bec","isPartOf":{"@id":"https:\/\/cercledesambassadeurs.com\/#website"},"datePublished":"2018-03-05T20:46:38+00:00","dateModified":"2026-04-14T14:17:29+00:00","breadcrumb":{"@id":"https:\/\/cercledesambassadeurs.com\/en\/contact-us\/#breadcrumb"},"inLanguage":"en-US","potentialAction":[{"@type":"ReadAction","target":["https:\/\/cercledesambassadeurs.com\/en\/contact-us\/"]}]},{"@type":"BreadcrumbList","@id":"https:\/\/cercledesambassadeurs.com\/en\/contact-us\/#breadcrumb","itemListElement":[{"@type":"ListItem","position":1,"name":"Home","item":"https:\/\/cercledesambassadeurs.com\/en\/"},{"@type":"ListItem","position":2,"name":"Contact us"}]},{"@type":"WebSite","@id":"https:\/\/cercledesambassadeurs.com\/#website","url":"https:\/\/cercledesambassadeurs.com\/","name":"Cercle des ambassadeurs de Qu\u00e9bec","description":"To help you organize your conference in Quebec city","potentialAction":[{"@type":"SearchAction","target":{"@type":"EntryPoint","urlTemplate":"https:\/\/cercledesambassadeurs.com\/?s={search_term_string}"},"query-input":"required name=search_term_string"}],"inLanguage":"en-US"}]}},"_links":{"self":[{"href":"https:\/\/cercledesambassadeurs.com\/en\/wp-json\/wp\/v2\/pages\/33","targetHints":{"allow":["GET"]}}],"collection":[{"href":"https:\/\/cercledesambassadeurs.com\/en\/wp-json\/wp\/v2\/pages"}],"about":[{"href":"https:\/\/cercledesambassadeurs.com\/en\/wp-json\/wp\/v2\/types\/page"}],"author":[{"embeddable":true,"href":"https:\/\/cercledesambassadeurs.com\/en\/wp-json\/wp\/v2\/users\/1"}],"replies":[{"embeddable":true,"href":"https:\/\/cercledesambassadeurs.com\/en\/wp-json\/wp\/v2\/comments?post=33"}],"version-history":[{"count":27,"href":"https:\/\/cercledesambassadeurs.com\/en\/wp-json\/wp\/v2\/pages\/33\/revisions"}],"predecessor-version":[{"id":4757,"href":"https:\/\/cercledesambassadeurs.com\/en\/wp-json\/wp\/v2\/pages\/33\/revisions\/4757"}],"wp:attachment":[{"href":"https:\/\/cercledesambassadeurs.com\/en\/wp-json\/wp\/v2\/media?parent=33"}],"curies":[{"name":"wp","href":"https:\/\/api.w.org\/{rel}","templated":true}]}}